{"id":752,"date":"2026-02-18T07:34:13","date_gmt":"2026-02-18T07:34:13","guid":{"rendered":"https:\/\/tele-electron.com\/politica-de-privacitat\/"},"modified":"2026-02-18T07:43:41","modified_gmt":"2026-02-18T07:43:41","slug":"politica-de-privacitat","status":"publish","type":"page","link":"https:\/\/tele-electron.com\/ca\/politica-de-privacitat\/","title":{"rendered":"Pol\u00edtica de privacitat"},"content":{"rendered":"\t\t<div data-elementor-type=\"wp-page\" data-elementor-id=\"752\" class=\"elementor elementor-752 elementor-738\" data-elementor-post-type=\"page\">\n\t\t\t\t<div class=\"elementor-element elementor-element-dc170ff e-flex e-con-boxed elementor-invisible e-con e-parent\" data-id=\"dc170ff\" data-element_type=\"container\" data-settings=\"{&quot;background_background&quot;:&quot;classic&quot;,&quot;animation&quot;:&quot;fadeIn&quot;}\">\n\t\t\t\t\t<div class=\"e-con-inner\">\n\t\t\t\t<div class=\"elementor-element elementor-element-6a32c4c elementor-widget elementor-widget-heading\" data-id=\"6a32c4c\" data-element_type=\"widget\" data-widget_type=\"heading.default\">\n\t\t\t\t\t<h1 class=\"elementor-heading-title elementor-size-default\">Pol\u00edtica de privacitat<\/h1>\t\t\t\t<\/div>\n\t\t\t\t\t<\/div>\n\t\t\t\t<\/div>\n\t\t<div class=\"elementor-element elementor-element-70cd5df e-flex e-con-boxed e-con e-parent\" data-id=\"70cd5df\" data-element_type=\"container\">\n\t\t\t\t\t<div class=\"e-con-inner\">\n\t\t\t\t<div class=\"elementor-element elementor-element-926be00 elementor-widget elementor-widget-text-editor\" data-id=\"926be00\" data-element_type=\"widget\" data-widget_type=\"text-editor.default\">\n\t\t\t\t\t\t\t\t\t<table><tbody><tr><td colspan=\"2\" width=\"595\"><strong>RESPONSABLE<\/strong><\/td><\/tr><tr><td width=\"225\">Identidad y datos de contacto<\/td><td width=\"371\"><p>TELE-ELECTRON, S.L.<\/p><\/td><\/tr><tr><td width=\"225\">Direcci\u00f3n postal<\/td><td width=\"371\"><p>Pg. d\u00b4Urrutia 59, 08042, Nou Barris (Barcelona). <\/p><\/td><\/tr><tr><td width=\"225\">Correo electr\u00f3nico<\/td><td width=\"371\">mail@tele-electron.com<\/td><\/tr><\/tbody><\/table><p> <\/p><p>En cumplimiento de lo dispuesto en el Reglamento (UE) 2016\/679, de 27 de abril (RGPD) y la Ley Org\u00e1nica 3\/2018, de 5 de diciembre (LOPDGDD), <strong>TELE-ELECTRON <\/strong>le informa que los datos de car\u00e1cter personal que nos proporcione durante su navegaci\u00f3n y\/o mediante la cumplimentaci\u00f3n de los formularios del WEBSITE ser\u00e1n objeto de tratamiento por parte de <strong>TELE-ELECTRON <\/strong>con la finalidad de gestionar los servicios ofrecidos. Por ejemplo, tratamos la informaci\u00f3n que nos facilita como cliente y de las personas de contacto que participan de la relaci\u00f3n comercial durante el per\u00edodo de vigencia de la misma con el fin de mantener la relaci\u00f3n contractual y comercial, realizar tareas administrativas relacionadas con dichos servicios y ofrecerle un servicio \u00f3ptimo y de calidad por medio del WEBSITE y\/o la indicada en la cl\u00e1usula de protecci\u00f3n de datos que se encuentra junto al formulario que usted acaba de cumplimentar. <\/p><p> <\/p><p><strong>\u00bfC\u00d3MO UTILIZAMOS SUS DATOS?<\/strong><\/p><p><strong> <\/strong>En <strong>TELE-ELECTRON <\/strong>tratamos la informaci\u00f3n que nos facilita, por ejemplo, como cliente y de las personas de contacto que participan de la relaci\u00f3n comercial durante el per\u00edodo de vigencia de la misma, con el fin de mantener la relaci\u00f3n contractual y comercial, realizar tareas administrativas relacionadas con la venta de nuestros productos y servicios, as\u00ed como para ofrecerle un servicio \u00f3ptimo y de calidad por medio del WEBSITE. Asimismo, si cumplimenta un formulario del website, deber\u00e1 leer la cl\u00e1usula de protecci\u00f3n de datos correspondiente para poder conocer la finalidad de recogida de los datos.  <\/p><p>Usamos la informaci\u00f3n de la que disponemos, seg\u00fan sus decisiones, para proporcionarle servicios de calidad, as\u00ed como para asegurar el funcionamiento de los mismos. La informaci\u00f3n proporcionada tambi\u00e9n le servir\u00e1 para acceder y utilizar nuestro WEBSITE y proporcionarle informaci\u00f3n sobre los productos y servicios que desee. <\/p><p>Adem\u00e1s utilizamos la informaci\u00f3n de la que disponemos para combatir conductas perjudiciales, sospechosas o infracciones de nuestras condiciones y pol\u00edticas, detectar y prevenir spam y conservar la integridad de nuestros productos, servicios y datos recopilados, tomando las medidas de seguridad pertinentes conforme a los datos recopilados y a las finalidades del tratamiento para garantizar la confidencialidad y seguridad de sus datos de car\u00e1cter personal cuando estos son objeto de tratamiento en la medida que nuestra entidad tiene implantadas las pol\u00edticas de tratamiento y medidas de seguridad a las que se refiere la normativa europea vigente de protecci\u00f3n de datos. Las pol\u00edticas de tratamiento y medidas de seguridad implantadas en <strong>TELE-ELECTRON <\/strong>tienen la finalidad de evitar la alteraci\u00f3n, p\u00e9rdida, tratamiento o uso no autorizado de sus datos de car\u00e1cter personal. <\/p><p>Tambi\u00e9n utilizamos la informaci\u00f3n que nos proporciona para responderle cuando se pone en contacto con nosotros o para comunicarnos con usted en los casos en que est\u00e1 legalmente permitido.<\/p><p><strong> <\/strong><strong>TELE-ELECTRON <\/strong>puede tener presencia en redes sociales. El tratamiento de los datos que se lleve a cabo de las personas que se hagan seguidoras en las redes sociales de las p\u00e1ginas oficiales de <strong>TELE-ELECTRON <\/strong>se regir\u00e1 por este apartado. As\u00ed como por aquellas condiciones de uso, pol\u00edticas de privacidad y normativas de acceso que pertenezcan a la red social que proceda en cada caso y aceptadas previamente por el usuario de <strong>TELE-ELECTRON. <\/strong>Tratar\u00e1 sus datos con las finalidades de administrar correctamente su presencia en la red social, informando de actividades, productos o servicios de <strong>TELE-ELECTRON. <\/strong>As\u00ed como para cualquier otra finalidad que las normativas de las redes sociales permitan. En ning\u00fan caso utilizaremos los perfiles de seguidores en redes sociales para enviar publicidad de manera individual.   <\/p><p>El usuario, marcando y aceptando la casilla correspondiente a comunicaciones comerciales (check-box) consiente expresamente que <strong>TELE-ELECTRON <\/strong>le remita un newsletter (bolet\u00edn informativo) con novedades, mensajes de marketing, publicidad y\/o informaciones relacionadas con nuestra entidad, los servicios que prestamos y\/o nuestros productos, adem\u00e1s de informarle acerca de nuestras pol\u00edticas y condiciones.<\/p><p>Los datos recogidos no ser\u00e1n tratados de manera incompatible con los fines indicados.<\/p><p><em> <\/em><\/p><p><em> <\/em><strong>\u00bfQU\u00c9 INFORMACION RECOGEMOS?<\/strong><\/p><p>El tipo de informaci\u00f3n recogida por <strong>TELE-ELECTRON <\/strong>depende del uso que usted haga del WEBSITE, la informaci\u00f3n sobre la informaci\u00f3n que recopilamos y c\u00f3mo eliminarla la encontrar\u00e1 en el apartado relativo al ejercicio de derechos de esta Pol\u00edtica de Privacidad.<\/p><ul><li>Recopilamos la informaci\u00f3n que nos proporciona cuando realiza una compra o navega por nuestro WEBSITE, espec\u00edficamente los datos de identificaci\u00f3n y registro incluidos en formularios o datos y mensajes que nos comunique mediante los mismos. Estos datos pueden incluir: su nombre y apellidos, tel\u00e9fono y correo electr\u00f3nico adem\u00e1s de otros datos necesarios para procesar su solicitud o comunicaci\u00f3n. <\/li><li>Podemos recibir informaci\u00f3n identificativa cuando nos env\u00ede un correo electr\u00f3nico o cuando contacte con nosotros para realizar una compra.<\/li><li>Podemos recibir, actualmente o en un futuro, informaci\u00f3n identificativa cuando acceda o inicie sesi\u00f3n en otra p\u00e1gina, como por ejemplo una red social, desde nuestro WEBSITE. Esto puede incluir texto y\/o im\u00e1genes de su Informaci\u00f3n Personal Identificable disponible en esas terceras p\u00e1ginas. <\/li><\/ul><p> <\/p><p>La RESPUESTA a los formularios planteados para recibir informaci\u00f3n de los servicios ofrecidos por <strong>TELE-ELECTRON<\/strong>, as\u00ed como de cualquier otro cuestionario que pueda facilitarse en un futuro, es totalmente potestativa. No obstante, la negativa del cliente o usuario a facilitar determinados datos podr\u00e1 imposibilitar la prestaci\u00f3n de los servicios ofrecidos por <strong>TELE-ELECTRON.<\/strong> <\/p><p>Le informamos que tambi\u00e9n utilizamos (o podemos utilizar) cookies mientras visita nuestro WEBSITE. Para m\u00e1s informaci\u00f3n sobre nuestro uso de cookies, por favor, dir\u00edjase a nuestra<a href=\"https:\/\/tele-electron.com\/ca\/politica-cookies\/\"> <em><u>\u201cPol\u00edtica de Cookies<\/u><\/em><em><u>\u201d<\/u><\/em> <\/a>  <\/p><p> <\/p><p><strong>\u00bfDE D\u00d3NDE PROCEDE LA INFORMACI\u00d3N RECOGIDA?<\/strong><\/p><p>La informaci\u00f3n que recogemos mediante el WEBSITE proviene exclusivamente de usted. No recibimos datos de terceros ni de fuentes de acceso p\u00fablico. <\/p><p><em> <\/em><\/p><p><strong>\u00bfQU\u00c9 BASE LEGAL NOS LEGITIMA PARA TRATAR LOS DATOS RECOGIDOS?<\/strong><\/p><p>La base legal para el tratamiento de sus datos es la siguiente:<\/p><ul><li>La ejecuci\u00f3n del contrato en el que usted es parte o la empresa a la que representa y <strong>TELE-ELECTRON <\/strong>o para la aplicaci\u00f3n de medidas precontractuales.<\/li><li>El consentimiento prestado mediante la aceptaci\u00f3n expresa de la presente Pol\u00edtica de privacidad, el cual puede revocar en cualquier momento. Para m\u00e1s informaci\u00f3n sobre la posibilidad de revocar su consentimiento dir\u00edjase al apartado relativo al ejercicio de derechos de esta Pol\u00edtica. <\/li><li>El inter\u00e9s leg\u00edtimo de <strong>TELE-ELECTRON.<\/strong><\/li><li>El cumplimiento de obligaciones legales de <strong>TELE-ELECTRON. <\/strong> <\/li><\/ul><p><strong> <\/strong><\/p><p><strong>\u00bfCONSERVAMOS SUS DATOS?<\/strong><\/p><p><strong> <\/strong>Los datos personales proporcionados se conservar\u00e1n durante el tiempo necesario para el cumplimiento de las finalidades previstas del tratamiento. El tiempo durante el que conservamos sus datos depender\u00e1 de las finalidades para las que son recogidos y el cumplimiento de obligaciones legales de <strong>TELE-ELECTRON. <\/strong>Los datos se conservar\u00e1n mientras no se solicite su supresi\u00f3n por el interesado. Para m\u00e1s informaci\u00f3n sobre como suprimir sus datos, dir\u00edjase al apartado referido al ejercicio de derechos de la presente Pol\u00edtica de Privacidad. Los datos obtenidos se conservar\u00e1n durante el mantenimiento del v\u00ednculo contractual con el cliente y despu\u00e9s de la finalizaci\u00f3n de la relaci\u00f3n, hasta que puedan exigirse responsabilidades de acuerdo con la legislaci\u00f3n vigente en \u00e1mbito mercantil, fiscal y para cumplir con las obligaciones relacionadas con el \u00e1mbito profesional.   <\/p><p> <\/p><p><strong>\u00bfC\u00d3MO ACTUALIZAMOS SU INFORMACI\u00d3N?<\/strong><\/p><p>Toda la informaci\u00f3n que facilite el usuario a trav\u00e9s del registro o cumplimentando los formularios del WEBSITE deber\u00e1 ser veraz. De igual forma, ser\u00e1 responsabilidad del usuario mantener toda la informaci\u00f3n facilitada a <strong>TELE-ELECTRON <\/strong>permanentemente actualizada de forma que responda, en cada momento, a la situaci\u00f3n real del usuario. El usuario ser\u00e1 el \u00fanico responsable de las manifestaciones falsas o inexactas que realice y de los perjuicios que cause a <strong>TELE-ELECTRON <\/strong>o a terceros por la informaci\u00f3n que facilite.  <\/p><p>Rogamos comunique de forma inmediata a <strong>TELE-ELECTRON <\/strong>cualquier cambio o modificaci\u00f3n que se produzca en relaci\u00f3n a los datos que nos ha proporcionado, con el fin de que \u00e9stos respondan con veracidad a su situaci\u00f3n personal en todo momento.<\/p><p> <\/p><p><strong> <\/strong><strong>\u00bfC\u00d3MO PUEDE EJERCER SUS DERECHOS?<\/strong><\/p><p>De conformidad con la LOPDGDD, usted dispone de los siguientes derechos:<\/p><ul><li>Derecho a obtener confirmaci\u00f3n sobre si en <strong>TELE-ELECTRON <\/strong>estamos tratando datos personales que le conciernen, o no.<\/li><li>Derecho a solicitar el acceso a los datos personales de que disponemos relativos a su persona<\/li><li>Derecho a solicitar su rectificaci\u00f3n o supresi\u00f3n, por ejemplo, podr\u00e1 pedir que su direcci\u00f3n de correo electr\u00f3nico se rectifique si la misma es err\u00f3nea o pedir la supresi\u00f3n de los datos que <strong>TELE-ELECTRON <\/strong>dispone cuando, entre otros motivos, ya no sean necesarios para los fines que fueron recogidos. En el momento de la supresi\u00f3n de los datos, solo los conservaremos bloqueados para el cumplimiento de obligaciones legales. <\/li><li>Derecho a solicitar la limitaci\u00f3n de su tratamiento, por ejemplo, tiene derecho a limitar el tratamiento de sus datos para fines de marketing, pudiendo comunicarse con nosotros para que se d\u00e9 de baja su suscripci\u00f3n al NEWSLETTER o comunicaciones comerciales. En este caso, solo conservaremos los datos para el ejercicio o la defensa de reclamaciones. <\/li><li>Derecho a oponerse al tratamiento y retirar el consentimiento en cualquier momento, por ejemplo, puede pedir a <strong>TELE-ELECTRON <\/strong>deje de tratar sus datos, sin que ello afecte a la licitud del tratamiento basado en el consentimiento previo a su retirada, <strong>TELE-ELECTRON <\/strong>dejando de tratar los datos salvo por motivos leg\u00edtimos o el ejercicio o la defensa ante posibles reclamaciones.<\/li><li>Derecho a la portabilidad de los datos en soporte automatizado a otro responsable en los supuestos de tratamientos que permite la LOPDGDD.<\/li><\/ul><p> <\/p><p>Puede ejercer estos derechos enviando un email a mail@tele-electron.com cualquier indicando en el asunto \u201cEjercicio de derechos LOPDGDD\u201d y el siguiente contenido:<\/p><ul><li>Su nombre y apellidos o nombre de usuario,<\/li><li>DNI\/NIE (anverso)<\/li><li>Correo electr\u00f3nico<\/li><li>Derecho que se quiere ejercer<\/li><li>Informaci\u00f3n sobre la que quiere tener acceso, rectificar, suprimir, limitar el tratamiento o ejercer su derecho de portabilidad<\/li><\/ul><p>Asimismo, los interesados podr\u00e1n presentar una reclamaci\u00f3n ante la Autoridad de Control en materia de Protecci\u00f3n de Datos competente, especialmente cuando no haya obtenido satisfacci\u00f3n en el ejercicio de sus derechos, mediante el siguiente enlace:<\/p><p><a href=\"https:\/\/sedeagpd.gob.es\/sede-electronica-web\/vistas\/formNuevaReclamacion\/solicitudReclamacion.jsf;jsessionid=58939FC9F6DAB8144DD8E79FC94D0A40\">https:\/\/sedeagpd.gob.es\/sede-electronica-web\/vistas\/formNuevaReclamacion\/solicitudReclamacion.jsf;jsessionid=58939FC9F6DAB8144DD8E79FC94D0A40<\/a><\/p><p> <\/p><p><strong> <\/strong><strong>\u00bfTRANSFERIMOS O CEDEMOS SUS DATOS A TERCEROS?<\/strong><\/p><p><strong> <\/strong>Los datos no se comunicar\u00e1n ni transferir\u00e1n a terceros, salvo a los posibles Encargados de Tratamiento (proveedores que prestan servicio a nuestra entidad).<\/p><p><strong>TELE-ELECTRON <\/strong>puede compartir su informaci\u00f3n con varias autoridades gubernamentales en respuesta a comparecencias, \u00f3rdenes judiciales u otros procesos legales o para cualquier otro asunto requerido por la ley. Sus datos no se comunicar\u00e1n a terceros excepto por obligaci\u00f3n legal a la Agencia Tributaria, Juzgados y Tribunales, a Bancos y Entidades financieras para cuestiones relacionadas con el pago de los servicios y a nuestros corresponsables en el caso que fuera necesario para cumplir con el servicio encargado. <\/p><p>Para su comodidad e inter\u00e9s podemos proporcionar v\u00ednculos a p\u00e1ginas que gestionan organizadores distintos (&#8220;P\u00e1ginas de terceros&#8221;). No divulgamos su informaci\u00f3n a estas P\u00e1ginas de terceros sin su consentimiento. Aun as\u00ed, no aprobamos y no somos responsables de las pr\u00e1cticas de privacidad de estas p\u00e1ginas. Si decide entrar en un enlace de una de estas p\u00e1ginas de terceros, deber\u00eda revisar la Pol\u00edtica de Privacidad publicada en esa p\u00e1gina, para entender c\u00f3mo esa p\u00e1gina de terceros recoge y utiliza sus datos personales.   <\/p>\t\t\t\t\t\t\t\t<\/div>\n\t\t\t\t\t<\/div>\n\t\t\t\t<\/div>\n\t\t\t\t<\/div>\n\t\t","protected":false},"excerpt":{"rendered":"<p>RESPONSABLE Identidad y datos de contacto TELE-ELECTRON, S.L. Direcci\u00f3n postal Pg. d\u00b4Urrutia 59, 08042, Nou Barris (Barcelona). Correo electr\u00f3nico mail@tele-electron.com En cumplimiento de lo dispuesto en el Reglamento (UE) 2016\/679, de 27 de abril (RGPD) y la Ley Org\u00e1nica 3\/2018, de 5 de diciembre (LOPDGDD), TELE-ELECTRON le informa que los datos de car\u00e1cter personal que [&hellip;]<\/p>\n","protected":false},"author":2,"featured_media":0,"parent":0,"menu_order":0,"comment_status":"closed","ping_status":"closed","template":"","meta":{"_acf_changed":false,"footnotes":""},"class_list":["post-752","page","type-page","status-publish","hentry"],"acf":[],"yoast_head":"<!-- This site is optimized with the Yoast SEO plugin v26.6 - https:\/\/yoast.com\/wordpress\/plugins\/seo\/ -->\n<title>Pol\u00edtica de privacitat - Tele Electr\u00f3n<\/title>\n<meta name=\"robots\" content=\"index, follow, max-snippet:-1, max-image-preview:large, max-video-preview:-1\" \/>\n<link rel=\"canonical\" href=\"https:\/\/tele-electron.com\/ca\/politica-de-privacitat\/\" \/>\n<meta property=\"og:locale\" content=\"ca_ES\" \/>\n<meta property=\"og:type\" content=\"article\" \/>\n<meta property=\"og:title\" content=\"Pol\u00edtica de privacitat - Tele Electr\u00f3n\" \/>\n<meta property=\"og:description\" content=\"RESPONSABLE Identidad y datos de contacto TELE-ELECTRON, S.L. Direcci\u00f3n postal Pg. d\u00b4Urrutia 59, 08042, Nou Barris (Barcelona). Correo electr\u00f3nico mail@tele-electron.com En cumplimiento de lo dispuesto en el Reglamento (UE) 2016\/679, de 27 de abril (RGPD) y la Ley Org\u00e1nica 3\/2018, de 5 de diciembre (LOPDGDD), TELE-ELECTRON le informa que los datos de car\u00e1cter personal que [&hellip;]\" \/>\n<meta property=\"og:url\" content=\"https:\/\/tele-electron.com\/ca\/politica-de-privacitat\/\" \/>\n<meta property=\"og:site_name\" content=\"Tele Electr\u00f3n\" \/>\n<meta property=\"article:modified_time\" content=\"2026-02-18T07:43:41+00:00\" \/>\n<meta name=\"twitter:card\" content=\"summary_large_image\" \/>\n<meta name=\"twitter:label1\" content=\"Temps estimat de lectura\" \/>\n\t<meta name=\"twitter:data1\" content=\"10 minuts\" \/>\n<script type=\"application\/ld+json\" class=\"yoast-schema-graph\">{\"@context\":\"https:\/\/schema.org\",\"@graph\":[{\"@type\":\"WebPage\",\"@id\":\"https:\/\/tele-electron.com\/ca\/politica-de-privacitat\/\",\"url\":\"https:\/\/tele-electron.com\/ca\/politica-de-privacitat\/\",\"name\":\"Pol\u00edtica de privacitat - Tele Electr\u00f3n\",\"isPartOf\":{\"@id\":\"https:\/\/tele-electron.com\/ca\/#website\"},\"datePublished\":\"2026-02-18T07:34:13+00:00\",\"dateModified\":\"2026-02-18T07:43:41+00:00\",\"breadcrumb\":{\"@id\":\"https:\/\/tele-electron.com\/ca\/politica-de-privacitat\/#breadcrumb\"},\"inLanguage\":\"ca\",\"potentialAction\":[{\"@type\":\"ReadAction\",\"target\":[\"https:\/\/tele-electron.com\/ca\/politica-de-privacitat\/\"]}]},{\"@type\":\"BreadcrumbList\",\"@id\":\"https:\/\/tele-electron.com\/ca\/politica-de-privacitat\/#breadcrumb\",\"itemListElement\":[{\"@type\":\"ListItem\",\"position\":1,\"name\":\"Portada\",\"item\":\"https:\/\/tele-electron.com\/ca\/\"},{\"@type\":\"ListItem\",\"position\":2,\"name\":\"Pol\u00edtica de privacitat\"}]},{\"@type\":\"WebSite\",\"@id\":\"https:\/\/tele-electron.com\/ca\/#website\",\"url\":\"https:\/\/tele-electron.com\/ca\/\",\"name\":\"Tele Electr\u00f3n\",\"description\":\"TELE-ELECTRON, sistemas de TELECOMUNICACIONES\",\"publisher\":{\"@id\":\"https:\/\/tele-electron.com\/ca\/#organization\"},\"potentialAction\":[{\"@type\":\"SearchAction\",\"target\":{\"@type\":\"EntryPoint\",\"urlTemplate\":\"https:\/\/tele-electron.com\/ca\/?s={search_term_string}\"},\"query-input\":{\"@type\":\"PropertyValueSpecification\",\"valueRequired\":true,\"valueName\":\"search_term_string\"}}],\"inLanguage\":\"ca\"},{\"@type\":\"Organization\",\"@id\":\"https:\/\/tele-electron.com\/ca\/#organization\",\"name\":\"Tele Electr\u00f3n\",\"url\":\"https:\/\/tele-electron.com\/ca\/\",\"logo\":{\"@type\":\"ImageObject\",\"inLanguage\":\"ca\",\"@id\":\"https:\/\/tele-electron.com\/ca\/#\/schema\/logo\/image\/\",\"url\":\"https:\/\/tele-electron.com\/wp-content\/uploads\/2025\/12\/logo_electron.png\",\"contentUrl\":\"https:\/\/tele-electron.com\/wp-content\/uploads\/2025\/12\/logo_electron.png\",\"width\":308,\"height\":53,\"caption\":\"Tele Electr\u00f3n\"},\"image\":{\"@id\":\"https:\/\/tele-electron.com\/ca\/#\/schema\/logo\/image\/\"}}]}<\/script>\n<!-- \/ Yoast SEO plugin. -->","yoast_head_json":{"title":"Pol\u00edtica de privacitat - Tele Electr\u00f3n","robots":{"index":"index","follow":"follow","max-snippet":"max-snippet:-1","max-image-preview":"max-image-preview:large","max-video-preview":"max-video-preview:-1"},"canonical":"https:\/\/tele-electron.com\/ca\/politica-de-privacitat\/","og_locale":"ca_ES","og_type":"article","og_title":"Pol\u00edtica de privacitat - Tele Electr\u00f3n","og_description":"RESPONSABLE Identidad y datos de contacto TELE-ELECTRON, S.L. Direcci\u00f3n postal Pg. d\u00b4Urrutia 59, 08042, Nou Barris (Barcelona). Correo electr\u00f3nico mail@tele-electron.com En cumplimiento de lo dispuesto en el Reglamento (UE) 2016\/679, de 27 de abril (RGPD) y la Ley Org\u00e1nica 3\/2018, de 5 de diciembre (LOPDGDD), TELE-ELECTRON le informa que los datos de car\u00e1cter personal que [&hellip;]","og_url":"https:\/\/tele-electron.com\/ca\/politica-de-privacitat\/","og_site_name":"Tele Electr\u00f3n","article_modified_time":"2026-02-18T07:43:41+00:00","twitter_card":"summary_large_image","twitter_misc":{"Temps estimat de lectura":"10 minuts"},"schema":{"@context":"https:\/\/schema.org","@graph":[{"@type":"WebPage","@id":"https:\/\/tele-electron.com\/ca\/politica-de-privacitat\/","url":"https:\/\/tele-electron.com\/ca\/politica-de-privacitat\/","name":"Pol\u00edtica de privacitat - Tele Electr\u00f3n","isPartOf":{"@id":"https:\/\/tele-electron.com\/ca\/#website"},"datePublished":"2026-02-18T07:34:13+00:00","dateModified":"2026-02-18T07:43:41+00:00","breadcrumb":{"@id":"https:\/\/tele-electron.com\/ca\/politica-de-privacitat\/#breadcrumb"},"inLanguage":"ca","potentialAction":[{"@type":"ReadAction","target":["https:\/\/tele-electron.com\/ca\/politica-de-privacitat\/"]}]},{"@type":"BreadcrumbList","@id":"https:\/\/tele-electron.com\/ca\/politica-de-privacitat\/#breadcrumb","itemListElement":[{"@type":"ListItem","position":1,"name":"Portada","item":"https:\/\/tele-electron.com\/ca\/"},{"@type":"ListItem","position":2,"name":"Pol\u00edtica de privacitat"}]},{"@type":"WebSite","@id":"https:\/\/tele-electron.com\/ca\/#website","url":"https:\/\/tele-electron.com\/ca\/","name":"Tele Electr\u00f3n","description":"TELE-ELECTRON, sistemas de TELECOMUNICACIONES","publisher":{"@id":"https:\/\/tele-electron.com\/ca\/#organization"},"potentialAction":[{"@type":"SearchAction","target":{"@type":"EntryPoint","urlTemplate":"https:\/\/tele-electron.com\/ca\/?s={search_term_string}"},"query-input":{"@type":"PropertyValueSpecification","valueRequired":true,"valueName":"search_term_string"}}],"inLanguage":"ca"},{"@type":"Organization","@id":"https:\/\/tele-electron.com\/ca\/#organization","name":"Tele Electr\u00f3n","url":"https:\/\/tele-electron.com\/ca\/","logo":{"@type":"ImageObject","inLanguage":"ca","@id":"https:\/\/tele-electron.com\/ca\/#\/schema\/logo\/image\/","url":"https:\/\/tele-electron.com\/wp-content\/uploads\/2025\/12\/logo_electron.png","contentUrl":"https:\/\/tele-electron.com\/wp-content\/uploads\/2025\/12\/logo_electron.png","width":308,"height":53,"caption":"Tele Electr\u00f3n"},"image":{"@id":"https:\/\/tele-electron.com\/ca\/#\/schema\/logo\/image\/"}}]}},"_links":{"self":[{"href":"https:\/\/tele-electron.com\/ca\/wp-json\/wp\/v2\/pages\/752","targetHints":{"allow":["GET"]}}],"collection":[{"href":"https:\/\/tele-electron.com\/ca\/wp-json\/wp\/v2\/pages"}],"about":[{"href":"https:\/\/tele-electron.com\/ca\/wp-json\/wp\/v2\/types\/page"}],"author":[{"embeddable":true,"href":"https:\/\/tele-electron.com\/ca\/wp-json\/wp\/v2\/users\/2"}],"replies":[{"embeddable":true,"href":"https:\/\/tele-electron.com\/ca\/wp-json\/wp\/v2\/comments?post=752"}],"version-history":[{"count":1,"href":"https:\/\/tele-electron.com\/ca\/wp-json\/wp\/v2\/pages\/752\/revisions"}],"predecessor-version":[{"id":753,"href":"https:\/\/tele-electron.com\/ca\/wp-json\/wp\/v2\/pages\/752\/revisions\/753"}],"wp:attachment":[{"href":"https:\/\/tele-electron.com\/ca\/wp-json\/wp\/v2\/media?parent=752"}],"curies":[{"name":"wp","href":"https:\/\/api.w.org\/{rel}","templated":true}]}}