{"id":610,"date":"2025-12-22T06:09:29","date_gmt":"2025-12-22T06:09:29","guid":{"rendered":"https:\/\/dev.francesc.tech\/teleelectron\/presentacion\/"},"modified":"2025-12-22T13:00:11","modified_gmt":"2025-12-22T13:00:11","slug":"presentacio","status":"publish","type":"page","link":"https:\/\/tele-electron.com\/ca\/presentacio\/","title":{"rendered":"Presentaci\u00f3"},"content":{"rendered":"\t\t<div data-elementor-type=\"wp-page\" data-elementor-id=\"610\" class=\"elementor elementor-610 elementor-338\" data-elementor-post-type=\"page\">\n\t\t\t\t<div class=\"elementor-element elementor-element-4eaf803 e-flex e-con-boxed elementor-invisible e-con e-parent\" data-id=\"4eaf803\" data-element_type=\"container\" data-settings=\"{&quot;background_background&quot;:&quot;classic&quot;,&quot;animation&quot;:&quot;fadeIn&quot;}\">\n\t\t\t\t\t<div class=\"e-con-inner\">\n\t\t\t\t<div class=\"elementor-element elementor-element-dc38adc elementor-widget elementor-widget-heading\" data-id=\"dc38adc\" data-element_type=\"widget\" data-widget_type=\"heading.default\">\n\t\t\t\t\t<h1 class=\"elementor-heading-title elementor-size-default\">Presentaci\u00f3<\/h1>\t\t\t\t<\/div>\n\t\t\t\t\t<\/div>\n\t\t\t\t<\/div>\n\t\t<div class=\"elementor-element elementor-element-ff9478c e-flex e-con-boxed elementor-invisible e-con e-parent\" data-id=\"ff9478c\" data-element_type=\"container\" data-settings=\"{&quot;animation&quot;:&quot;fadeIn&quot;}\">\n\t\t\t\t\t<div class=\"e-con-inner\">\n\t\t\t\t<div class=\"elementor-element elementor-element-608fcd5 elementor-widget elementor-widget-image\" data-id=\"608fcd5\" data-element_type=\"widget\" data-widget_type=\"image.default\">\n\t\t\t\t\t\t\t\t\t\t\t\t\t\t\t<img decoding=\"async\" width=\"31\" height=\"12\" src=\"https:\/\/tele-electron.com\/wp-content\/uploads\/2025\/12\/arrow-down.svg\" class=\"attachment-large size-large wp-image-622\" alt=\"\" \/>\t\t\t\t\t\t\t\t\t\t\t\t\t\t\t<\/div>\n\t\t\t\t\t<\/div>\n\t\t\t\t<\/div>\n\t\t<div class=\"elementor-element elementor-element-35ec8d6 e-flex e-con-boxed elementor-invisible e-con e-parent\" data-id=\"35ec8d6\" data-element_type=\"container\" data-settings=\"{&quot;animation&quot;:&quot;fadeIn&quot;}\">\n\t\t\t\t\t<div class=\"e-con-inner\">\n\t\t<div class=\"elementor-element elementor-element-cc3ad4c e-con-full e-flex e-con e-child\" data-id=\"cc3ad4c\" data-element_type=\"container\">\n\t\t\t\t<div class=\"elementor-element elementor-element-97ab78e title-1 elementor-widget elementor-widget-heading\" data-id=\"97ab78e\" data-element_type=\"widget\" data-widget_type=\"heading.default\">\n\t\t\t\t\t<h2 class=\"elementor-heading-title elementor-size-default\">COMPROM\u00cdS AMB EL CLIENT<\/h2>\t\t\t\t<\/div>\n\t\t\t\t<div class=\"elementor-element elementor-element-58e19bc elementor-widget elementor-widget-text-editor\" data-id=\"58e19bc\" data-element_type=\"widget\" data-widget_type=\"text-editor.default\">\n\t\t\t\t\t\t\t\t\t<p>Sent pioners en el sector de les telecomunicacions, Tele-Electron es crea fa m\u00e9s de 25 anys.<\/p><p>El nostre objectiu \u00e9s donar soluci\u00f3 a les necessitats que tenen els nostres clients, basant la nostra intervenci\u00f3 en la capacitat, experi\u00e8ncia, domini i coneixement del sector del nostre equip, amb el sentit professional de mantenir el nostre comprom\u00eds amb el Client.<\/p><p>Estem situats a Barcelona, sent la nostra zona de cobertura m\u00e9s propera, per\u00f2 tamb\u00e9 tenim suport i innombrables instal\u00b7lacions i clients en tot l&#8217;\u00e0mbit nacional, resta d&#8217;Europa, Am\u00e8rica del Nord i El Carib.<\/p>\t\t\t\t\t\t\t\t<\/div>\n\t\t\t\t<\/div>\n\t\t<div class=\"elementor-element elementor-element-79b29b0 e-con-full e-flex e-con e-child\" data-id=\"79b29b0\" data-element_type=\"container\">\n\t\t\t\t<div class=\"elementor-element elementor-element-363c37b elementor-widget elementor-widget-image\" data-id=\"363c37b\" data-element_type=\"widget\" data-widget_type=\"image.default\">\n\t\t\t\t\t\t\t\t\t\t\t\t\t\t\t<img fetchpriority=\"high\" decoding=\"async\" width=\"500\" height=\"300\" src=\"https:\/\/tele-electron.com\/wp-content\/uploads\/2025\/12\/imag1.jpg\" class=\"attachment-large size-large wp-image-672\" alt=\"\" srcset=\"https:\/\/tele-electron.com\/wp-content\/uploads\/2025\/12\/imag1.jpg 500w, https:\/\/tele-electron.com\/wp-content\/uploads\/2025\/12\/imag1-300x180.jpg 300w\" sizes=\"(max-width: 500px) 100vw, 500px\" \/>\t\t\t\t\t\t\t\t\t\t\t\t\t\t\t<\/div>\n\t\t\t\t<\/div>\n\t\t\t\t\t<\/div>\n\t\t\t\t<\/div>\n\t\t<div class=\"elementor-element elementor-element-ff40eee e-con-full e-flex elementor-invisible e-con e-parent\" data-id=\"ff40eee\" data-element_type=\"container\" data-settings=\"{&quot;animation&quot;:&quot;fadeIn&quot;}\">\n\t\t\t\t<div class=\"elementor-element elementor-element-e3d3218 elementor-widget elementor-widget-template\" data-id=\"e3d3218\" data-element_type=\"widget\" data-widget_type=\"template.default\">\n\t\t\t\t<div class=\"elementor-widget-container\">\n\t\t\t\t\t\t\t<div class=\"elementor-template\">\n\t\t\t\t\t<div data-elementor-type=\"container\" data-elementor-id=\"629\" class=\"elementor elementor-629 elementor-355\" data-elementor-post-type=\"elementor_library\">\n\t\t\t\t<div class=\"elementor-element elementor-element-6c5df2af e-flex e-con-boxed e-con e-parent\" data-id=\"6c5df2af\" data-element_type=\"container\" data-settings=\"{&quot;background_background&quot;:&quot;gradient&quot;}\">\n\t\t\t\t\t<div class=\"e-con-inner\">\n\t\t<div class=\"elementor-element elementor-element-14b4bbe2 e-con-full e-flex e-con e-child\" data-id=\"14b4bbe2\" data-element_type=\"container\">\n\t\t\t\t<div class=\"elementor-element elementor-element-3e20a6e0 elementor-widget elementor-widget-counter\" data-id=\"3e20a6e0\" data-element_type=\"widget\" data-widget_type=\"counter.default\">\n\t\t\t\t\t\t\t<div class=\"elementor-counter\">\n\t\t\t<div class=\"elementor-counter-title\">PROJECTES<\/div>\t\t\t<div class=\"elementor-counter-number-wrapper\">\n\t\t\t\t<span class=\"elementor-counter-number-prefix\"><\/span>\n\t\t\t\t<span class=\"elementor-counter-number\" data-duration=\"2000\" data-to-value=\"600\" data-from-value=\"0\" data-delimiter=\",\">0<\/span>\n\t\t\t\t<span class=\"elementor-counter-number-suffix\"><\/span>\n\t\t\t<\/div>\n\t\t<\/div>\n\t\t\t\t\t\t<\/div>\n\t\t\t\t<div class=\"elementor-element elementor-element-6e8c7528 elementor-widget elementor-widget-text-editor\" data-id=\"6e8c7528\" data-element_type=\"widget\" data-widget_type=\"text-editor.default\">\n\t\t\t\t\t\t\t\t\t<div class=\"kc-elm kc-css-118063 kc_col-sm-4 kc_column kc_col-sm-4\"><div class=\"kc-col-container\"><div class=\"kc-elm kc-css-572430 kc_text_block\"><p>M\u00e9s de 25 anys en el sector<\/p><\/div><\/div><\/div>\t\t\t\t\t\t\t\t<\/div>\n\t\t\t\t<\/div>\n\t\t<div class=\"elementor-element elementor-element-3c7496ab e-con-full e-flex e-con e-child\" data-id=\"3c7496ab\" data-element_type=\"container\">\n\t\t\t\t<div class=\"elementor-element elementor-element-36f24859 elementor-widget elementor-widget-counter\" data-id=\"36f24859\" data-element_type=\"widget\" data-widget_type=\"counter.default\">\n\t\t\t\t\t\t\t<div class=\"elementor-counter\">\n\t\t\t<div class=\"elementor-counter-title\">CLIENTS<\/div>\t\t\t<div class=\"elementor-counter-number-wrapper\">\n\t\t\t\t<span class=\"elementor-counter-number-prefix\"><\/span>\n\t\t\t\t<span class=\"elementor-counter-number\" data-duration=\"700\" data-to-value=\"75\" data-from-value=\"0\" data-delimiter=\",\">0<\/span>\n\t\t\t\t<span class=\"elementor-counter-number-suffix\"><\/span>\n\t\t\t<\/div>\n\t\t<\/div>\n\t\t\t\t\t\t<\/div>\n\t\t\t\t<div class=\"elementor-element elementor-element-74648502 elementor-widget elementor-widget-text-editor\" data-id=\"74648502\" data-element_type=\"widget\" data-widget_type=\"text-editor.default\">\n\t\t\t\t\t\t\t\t\t<div class=\"kc-elm kc-css-146800 kc_col-sm-4 kc_column kc_col-sm-4\"><div class=\"kc-col-container\"><div class=\"kc-elm kc-css-918780 kc_text_block\"><p>Projectes locals, nacionals i internacionals<\/p><\/div><\/div><\/div>\t\t\t\t\t\t\t\t<\/div>\n\t\t\t\t<\/div>\n\t\t<div class=\"elementor-element elementor-element-70f2be88 e-con-full e-flex e-con e-child\" data-id=\"70f2be88\" data-element_type=\"container\">\n\t\t\t\t<div class=\"elementor-element elementor-element-1434df0e elementor-widget elementor-widget-counter\" data-id=\"1434df0e\" data-element_type=\"widget\" data-widget_type=\"counter.default\">\n\t\t\t\t\t\t\t<div class=\"elementor-counter\">\n\t\t\t<div class=\"elementor-counter-title\">HORES DE TREBALL<\/div>\t\t\t<div class=\"elementor-counter-number-wrapper\">\n\t\t\t\t<span class=\"elementor-counter-number-prefix\"><\/span>\n\t\t\t\t<span class=\"elementor-counter-number\" data-duration=\"20000\" data-to-value=\"200000\" data-from-value=\"0\" data-delimiter=\".\">0<\/span>\n\t\t\t\t<span class=\"elementor-counter-number-suffix\"><\/span>\n\t\t\t<\/div>\n\t\t<\/div>\n\t\t\t\t\t\t<\/div>\n\t\t\t\t<div class=\"elementor-element elementor-element-1bb460a1 elementor-widget elementor-widget-text-editor\" data-id=\"1bb460a1\" data-element_type=\"widget\" data-widget_type=\"text-editor.default\">\n\t\t\t\t\t\t\t\t\t<div class=\"kc-elm kc-css-512046 kc_row home-contadores\"><div class=\"kc-row-container  kc-container\"><div class=\"kc-wrap-columns\"><div class=\"kc-elm kc-css-885644 kc_col-sm-4 kc_column kc_col-sm-4\"><div class=\"kc-col-container\"><div class=\"kc-elm kc-css-528482 kc_text_block\"><p>Instal\u00b7lacions en grans obres, hotels i promocions immobili\u00e0ries<\/p><\/div><\/div><\/div><\/div><\/div><\/div>\t\t\t\t\t\t\t\t<\/div>\n\t\t\t\t<\/div>\n\t\t\t\t\t<\/div>\n\t\t\t\t<\/div>\n\t\t\t\t<\/div>\n\t\t\t\t<\/div>\n\t\t\t\t\t\t<\/div>\n\t\t\t\t<\/div>\n\t\t\t\t<\/div>\n\t\t<div class=\"elementor-element elementor-element-a369d3e e-con-full e-flex elementor-invisible e-con e-parent\" data-id=\"a369d3e\" data-element_type=\"container\" data-settings=\"{&quot;animation&quot;:&quot;fadeIn&quot;}\">\n\t\t\t\t<div class=\"elementor-element elementor-element-28fbd87 elementor-widget elementor-widget-template\" data-id=\"28fbd87\" data-element_type=\"widget\" data-widget_type=\"template.default\">\n\t\t\t\t<div class=\"elementor-widget-container\">\n\t\t\t\t\t\t\t<div class=\"elementor-template\">\n\t\t\t\t\t<div data-elementor-type=\"container\" data-elementor-id=\"630\" class=\"elementor elementor-630 elementor-362\" data-elementor-post-type=\"elementor_library\">\n\t\t\t\t<div class=\"elementor-element elementor-element-66f3205b e-flex e-con-boxed e-con e-parent\" data-id=\"66f3205b\" data-element_type=\"container\">\n\t\t\t\t\t<div class=\"e-con-inner\">\n\t\t<div class=\"elementor-element elementor-element-56af1b3 e-con-full e-flex e-con e-child\" data-id=\"56af1b3\" data-element_type=\"container\">\n\t\t\t\t<div class=\"elementor-element elementor-element-4d668c02 elementor-widget elementor-widget-image\" data-id=\"4d668c02\" data-element_type=\"widget\" data-widget_type=\"image.default\">\n\t\t\t\t\t\t\t\t\t\t\t\t\t\t\t<img decoding=\"async\" width=\"80\" height=\"70\" src=\"https:\/\/tele-electron.com\/wp-content\/uploads\/2025\/12\/icono1.png\" class=\"attachment-large size-large wp-image-623\" alt=\"\" \/>\t\t\t\t\t\t\t\t\t\t\t\t\t\t\t<\/div>\n\t\t\t\t<div class=\"elementor-element elementor-element-32173c7f elementor-widget elementor-widget-text-editor\" data-id=\"32173c7f\" data-element_type=\"widget\" data-widget_type=\"text-editor.default\">\n\t\t\t\t\t\t\t\t\t<p>PIONERS I<br \/>EXPERTS EN<br \/>TELECOMUNICACIONS<\/p>\t\t\t\t\t\t\t\t<\/div>\n\t\t\t\t<\/div>\n\t\t<div class=\"elementor-element elementor-element-7b7466a9 e-con-full e-flex e-con e-child\" data-id=\"7b7466a9\" data-element_type=\"container\">\n\t\t\t\t<div class=\"elementor-element elementor-element-e4efb3d elementor-widget elementor-widget-image\" data-id=\"e4efb3d\" data-element_type=\"widget\" data-widget_type=\"image.default\">\n\t\t\t\t\t\t\t\t\t\t\t\t\t\t\t<img loading=\"lazy\" decoding=\"async\" width=\"80\" height=\"70\" src=\"https:\/\/tele-electron.com\/wp-content\/uploads\/2025\/12\/icono2.png\" class=\"attachment-large size-large wp-image-624\" alt=\"\" \/>\t\t\t\t\t\t\t\t\t\t\t\t\t\t\t<\/div>\n\t\t\t\t<div class=\"elementor-element elementor-element-d5b70a2 elementor-widget elementor-widget-text-editor\" data-id=\"d5b70a2\" data-element_type=\"widget\" data-widget_type=\"text-editor.default\">\n\t\t\t\t\t\t\t\t\t<p>SOLUCIONS<br \/>PERSONALITZADES<br \/>PER ALS CLIENTS<\/p>\t\t\t\t\t\t\t\t<\/div>\n\t\t\t\t<\/div>\n\t\t<div class=\"elementor-element elementor-element-3f42cd47 e-con-full e-flex e-con e-child\" data-id=\"3f42cd47\" data-element_type=\"container\">\n\t\t\t\t<div class=\"elementor-element elementor-element-52a38ee3 elementor-widget elementor-widget-image\" data-id=\"52a38ee3\" data-element_type=\"widget\" data-widget_type=\"image.default\">\n\t\t\t\t\t\t\t\t\t\t\t\t\t\t\t<img loading=\"lazy\" decoding=\"async\" width=\"80\" height=\"70\" src=\"https:\/\/tele-electron.com\/wp-content\/uploads\/2025\/12\/icono3.png\" class=\"attachment-large size-large wp-image-625\" alt=\"\" \/>\t\t\t\t\t\t\t\t\t\t\t\t\t\t\t<\/div>\n\t\t\t\t<div class=\"elementor-element elementor-element-4d0e2224 elementor-widget elementor-widget-text-editor\" data-id=\"4d0e2224\" data-element_type=\"widget\" data-widget_type=\"text-editor.default\">\n\t\t\t\t\t\t\t\t\t<p>SERVEI EN<br \/>MERCATS NACIONAL<br \/>I INTERNACIONAL<\/p>\t\t\t\t\t\t\t\t<\/div>\n\t\t\t\t<\/div>\n\t\t<div class=\"elementor-element elementor-element-7a04e542 e-con-full e-flex e-con e-child\" data-id=\"7a04e542\" data-element_type=\"container\">\n\t\t\t\t<div class=\"elementor-element elementor-element-31dc023d elementor-widget elementor-widget-image\" data-id=\"31dc023d\" data-element_type=\"widget\" data-widget_type=\"image.default\">\n\t\t\t\t\t\t\t\t\t\t\t\t\t\t\t<img loading=\"lazy\" decoding=\"async\" width=\"80\" height=\"70\" src=\"https:\/\/tele-electron.com\/wp-content\/uploads\/2025\/12\/icono4.png\" class=\"attachment-large size-large wp-image-626\" alt=\"\" \/>\t\t\t\t\t\t\t\t\t\t\t\t\t\t\t<\/div>\n\t\t\t\t<div class=\"elementor-element elementor-element-7154250f elementor-widget elementor-widget-text-editor\" data-id=\"7154250f\" data-element_type=\"widget\" data-widget_type=\"text-editor.default\">\n\t\t\t\t\t\t\t\t\t<p>ESPECIALITZATS<br \/>EN EL SECTOR<br \/>HOTELER<\/p>\t\t\t\t\t\t\t\t<\/div>\n\t\t\t\t<\/div>\n\t\t\t\t\t<\/div>\n\t\t\t\t<\/div>\n\t\t\t\t<\/div>\n\t\t\t\t<\/div>\n\t\t\t\t\t\t<\/div>\n\t\t\t\t<\/div>\n\t\t\t\t<\/div>\n\t\t\t\t<\/div>\n\t\t","protected":false},"excerpt":{"rendered":"<p>COMPROM\u00cdS AMB EL CLIENT Sent pioners en el sector de les telecomunicacions, Tele-Electron es crea fa m\u00e9s de 25 anys. El nostre objectiu \u00e9s donar soluci\u00f3 a les necessitats que tenen els nostres clients, basant la nostra intervenci\u00f3 en la capacitat, experi\u00e8ncia, domini i coneixement del sector del nostre equip, amb el sentit professional de [&hellip;]<\/p>\n","protected":false},"author":1,"featured_media":0,"parent":0,"menu_order":0,"comment_status":"closed","ping_status":"closed","template":"","meta":{"_acf_changed":false,"footnotes":""},"class_list":["post-610","page","type-page","status-publish","hentry"],"acf":[],"yoast_head":"<!-- This site is optimized with the Yoast SEO plugin v26.6 - https:\/\/yoast.com\/wordpress\/plugins\/seo\/ -->\n<title>Presentaci\u00f3 - Tele Electr\u00f3n<\/title>\n<meta name=\"robots\" content=\"index, follow, max-snippet:-1, max-image-preview:large, max-video-preview:-1\" \/>\n<link rel=\"canonical\" href=\"https:\/\/tele-electron.com\/ca\/presentacio\/\" \/>\n<meta property=\"og:locale\" content=\"ca_ES\" \/>\n<meta property=\"og:type\" content=\"article\" \/>\n<meta property=\"og:title\" content=\"Presentaci\u00f3 - Tele Electr\u00f3n\" \/>\n<meta property=\"og:description\" content=\"COMPROM\u00cdS AMB EL CLIENT Sent pioners en el sector de les telecomunicacions, Tele-Electron es crea fa m\u00e9s de 25 anys. El nostre objectiu \u00e9s donar soluci\u00f3 a les necessitats que tenen els nostres clients, basant la nostra intervenci\u00f3 en la capacitat, experi\u00e8ncia, domini i coneixement del sector del nostre equip, amb el sentit professional de [&hellip;]\" \/>\n<meta property=\"og:url\" content=\"https:\/\/tele-electron.com\/ca\/presentacio\/\" \/>\n<meta property=\"og:site_name\" content=\"Tele Electr\u00f3n\" \/>\n<meta property=\"article:modified_time\" content=\"2025-12-22T13:00:11+00:00\" \/>\n<meta name=\"twitter:card\" content=\"summary_large_image\" \/>\n<meta name=\"twitter:label1\" content=\"Temps estimat de lectura\" \/>\n\t<meta name=\"twitter:data1\" content=\"2 minuts\" \/>\n<script type=\"application\/ld+json\" class=\"yoast-schema-graph\">{\"@context\":\"https:\/\/schema.org\",\"@graph\":[{\"@type\":\"WebPage\",\"@id\":\"https:\/\/tele-electron.com\/ca\/presentacio\/\",\"url\":\"https:\/\/tele-electron.com\/ca\/presentacio\/\",\"name\":\"Presentaci\u00f3 - Tele Electr\u00f3n\",\"isPartOf\":{\"@id\":\"https:\/\/tele-electron.com\/ca\/#website\"},\"primaryImageOfPage\":{\"@id\":\"https:\/\/tele-electron.com\/ca\/presentacio\/#primaryimage\"},\"image\":{\"@id\":\"https:\/\/tele-electron.com\/ca\/presentacio\/#primaryimage\"},\"thumbnailUrl\":\"https:\/\/tele-electron.com\/wp-content\/uploads\/2025\/12\/arrow-down.svg\",\"datePublished\":\"2025-12-22T06:09:29+00:00\",\"dateModified\":\"2025-12-22T13:00:11+00:00\",\"breadcrumb\":{\"@id\":\"https:\/\/tele-electron.com\/ca\/presentacio\/#breadcrumb\"},\"inLanguage\":\"ca\",\"potentialAction\":[{\"@type\":\"ReadAction\",\"target\":[\"https:\/\/tele-electron.com\/ca\/presentacio\/\"]}]},{\"@type\":\"ImageObject\",\"inLanguage\":\"ca\",\"@id\":\"https:\/\/tele-electron.com\/ca\/presentacio\/#primaryimage\",\"url\":\"https:\/\/tele-electron.com\/wp-content\/uploads\/2025\/12\/arrow-down.svg\",\"contentUrl\":\"https:\/\/tele-electron.com\/wp-content\/uploads\/2025\/12\/arrow-down.svg\"},{\"@type\":\"BreadcrumbList\",\"@id\":\"https:\/\/tele-electron.com\/ca\/presentacio\/#breadcrumb\",\"itemListElement\":[{\"@type\":\"ListItem\",\"position\":1,\"name\":\"Portada\",\"item\":\"https:\/\/tele-electron.com\/ca\/\"},{\"@type\":\"ListItem\",\"position\":2,\"name\":\"Presentaci\u00f3\"}]},{\"@type\":\"WebSite\",\"@id\":\"https:\/\/tele-electron.com\/ca\/#website\",\"url\":\"https:\/\/tele-electron.com\/ca\/\",\"name\":\"Tele Electr\u00f3n\",\"description\":\"TELE-ELECTRON, sistemas de TELECOMUNICACIONES\",\"publisher\":{\"@id\":\"https:\/\/tele-electron.com\/ca\/#organization\"},\"potentialAction\":[{\"@type\":\"SearchAction\",\"target\":{\"@type\":\"EntryPoint\",\"urlTemplate\":\"https:\/\/tele-electron.com\/ca\/?s={search_term_string}\"},\"query-input\":{\"@type\":\"PropertyValueSpecification\",\"valueRequired\":true,\"valueName\":\"search_term_string\"}}],\"inLanguage\":\"ca\"},{\"@type\":\"Organization\",\"@id\":\"https:\/\/tele-electron.com\/ca\/#organization\",\"name\":\"Tele Electr\u00f3n\",\"url\":\"https:\/\/tele-electron.com\/ca\/\",\"logo\":{\"@type\":\"ImageObject\",\"inLanguage\":\"ca\",\"@id\":\"https:\/\/tele-electron.com\/ca\/#\/schema\/logo\/image\/\",\"url\":\"https:\/\/tele-electron.com\/wp-content\/uploads\/2025\/12\/logo_electron.png\",\"contentUrl\":\"https:\/\/tele-electron.com\/wp-content\/uploads\/2025\/12\/logo_electron.png\",\"width\":308,\"height\":53,\"caption\":\"Tele Electr\u00f3n\"},\"image\":{\"@id\":\"https:\/\/tele-electron.com\/ca\/#\/schema\/logo\/image\/\"}}]}<\/script>\n<!-- \/ Yoast SEO plugin. -->","yoast_head_json":{"title":"Presentaci\u00f3 - Tele Electr\u00f3n","robots":{"index":"index","follow":"follow","max-snippet":"max-snippet:-1","max-image-preview":"max-image-preview:large","max-video-preview":"max-video-preview:-1"},"canonical":"https:\/\/tele-electron.com\/ca\/presentacio\/","og_locale":"ca_ES","og_type":"article","og_title":"Presentaci\u00f3 - Tele Electr\u00f3n","og_description":"COMPROM\u00cdS AMB EL CLIENT Sent pioners en el sector de les telecomunicacions, Tele-Electron es crea fa m\u00e9s de 25 anys. El nostre objectiu \u00e9s donar soluci\u00f3 a les necessitats que tenen els nostres clients, basant la nostra intervenci\u00f3 en la capacitat, experi\u00e8ncia, domini i coneixement del sector del nostre equip, amb el sentit professional de [&hellip;]","og_url":"https:\/\/tele-electron.com\/ca\/presentacio\/","og_site_name":"Tele Electr\u00f3n","article_modified_time":"2025-12-22T13:00:11+00:00","twitter_card":"summary_large_image","twitter_misc":{"Temps estimat de lectura":"2 minuts"},"schema":{"@context":"https:\/\/schema.org","@graph":[{"@type":"WebPage","@id":"https:\/\/tele-electron.com\/ca\/presentacio\/","url":"https:\/\/tele-electron.com\/ca\/presentacio\/","name":"Presentaci\u00f3 - Tele Electr\u00f3n","isPartOf":{"@id":"https:\/\/tele-electron.com\/ca\/#website"},"primaryImageOfPage":{"@id":"https:\/\/tele-electron.com\/ca\/presentacio\/#primaryimage"},"image":{"@id":"https:\/\/tele-electron.com\/ca\/presentacio\/#primaryimage"},"thumbnailUrl":"https:\/\/tele-electron.com\/wp-content\/uploads\/2025\/12\/arrow-down.svg","datePublished":"2025-12-22T06:09:29+00:00","dateModified":"2025-12-22T13:00:11+00:00","breadcrumb":{"@id":"https:\/\/tele-electron.com\/ca\/presentacio\/#breadcrumb"},"inLanguage":"ca","potentialAction":[{"@type":"ReadAction","target":["https:\/\/tele-electron.com\/ca\/presentacio\/"]}]},{"@type":"ImageObject","inLanguage":"ca","@id":"https:\/\/tele-electron.com\/ca\/presentacio\/#primaryimage","url":"https:\/\/tele-electron.com\/wp-content\/uploads\/2025\/12\/arrow-down.svg","contentUrl":"https:\/\/tele-electron.com\/wp-content\/uploads\/2025\/12\/arrow-down.svg"},{"@type":"BreadcrumbList","@id":"https:\/\/tele-electron.com\/ca\/presentacio\/#breadcrumb","itemListElement":[{"@type":"ListItem","position":1,"name":"Portada","item":"https:\/\/tele-electron.com\/ca\/"},{"@type":"ListItem","position":2,"name":"Presentaci\u00f3"}]},{"@type":"WebSite","@id":"https:\/\/tele-electron.com\/ca\/#website","url":"https:\/\/tele-electron.com\/ca\/","name":"Tele Electr\u00f3n","description":"TELE-ELECTRON, sistemas de TELECOMUNICACIONES","publisher":{"@id":"https:\/\/tele-electron.com\/ca\/#organization"},"potentialAction":[{"@type":"SearchAction","target":{"@type":"EntryPoint","urlTemplate":"https:\/\/tele-electron.com\/ca\/?s={search_term_string}"},"query-input":{"@type":"PropertyValueSpecification","valueRequired":true,"valueName":"search_term_string"}}],"inLanguage":"ca"},{"@type":"Organization","@id":"https:\/\/tele-electron.com\/ca\/#organization","name":"Tele Electr\u00f3n","url":"https:\/\/tele-electron.com\/ca\/","logo":{"@type":"ImageObject","inLanguage":"ca","@id":"https:\/\/tele-electron.com\/ca\/#\/schema\/logo\/image\/","url":"https:\/\/tele-electron.com\/wp-content\/uploads\/2025\/12\/logo_electron.png","contentUrl":"https:\/\/tele-electron.com\/wp-content\/uploads\/2025\/12\/logo_electron.png","width":308,"height":53,"caption":"Tele Electr\u00f3n"},"image":{"@id":"https:\/\/tele-electron.com\/ca\/#\/schema\/logo\/image\/"}}]}},"_links":{"self":[{"href":"https:\/\/tele-electron.com\/ca\/wp-json\/wp\/v2\/pages\/610","targetHints":{"allow":["GET"]}}],"collection":[{"href":"https:\/\/tele-electron.com\/ca\/wp-json\/wp\/v2\/pages"}],"about":[{"href":"https:\/\/tele-electron.com\/ca\/wp-json\/wp\/v2\/types\/page"}],"author":[{"embeddable":true,"href":"https:\/\/tele-electron.com\/ca\/wp-json\/wp\/v2\/users\/1"}],"replies":[{"embeddable":true,"href":"https:\/\/tele-electron.com\/ca\/wp-json\/wp\/v2\/comments?post=610"}],"version-history":[{"count":4,"href":"https:\/\/tele-electron.com\/ca\/wp-json\/wp\/v2\/pages\/610\/revisions"}],"predecessor-version":[{"id":676,"href":"https:\/\/tele-electron.com\/ca\/wp-json\/wp\/v2\/pages\/610\/revisions\/676"}],"wp:attachment":[{"href":"https:\/\/tele-electron.com\/ca\/wp-json\/wp\/v2\/media?parent=610"}],"curies":[{"name":"wp","href":"https:\/\/api.w.org\/{rel}","templated":true}]}}